{"id":8,"date":"2020-05-05T12:13:26","date_gmt":"2020-05-05T12:13:26","guid":{"rendered":"http:\/\/1h9hxaplnr.preview.infomaniak.website\/?page_id=8"},"modified":"2023-08-06T10:28:41","modified_gmt":"2023-08-06T10:28:41","slug":"contact","status":"publish","type":"page","link":"https:\/\/profchantage.ch\/?page_id=8","title":{"rendered":"Concerts"},"content":{"rendered":"<div class=\"style-324 style-local-8-c1 position-relative\" data-colibri-id=\"8-c1\">\n<div id=\"initial-content\" class=\"h-section h-section-global-spacing d-flex align-items-lg-center align-items-md-center align-items-center style-325 style-local-8-c2 position-relative\" data-colibri-component=\"section\" data-colibri-id=\"8-c2\">\n<div class=\"h-section-grid-container h-section-boxed-container\">\n<div class=\"h-row-container gutters-row-lg-2 gutters-row-md-2 gutters-row-0 gutters-row-v-lg-2 gutters-row-v-md-2 gutters-row-v-2 style-345 style-local-8-c7 position-relative\" data-colibri-id=\"8-c7\">\n<div class=\"h-row justify-content-lg-center justify-content-md-center justify-content-center align-items-lg-stretch align-items-md-stretch align-items-stretch gutters-col-lg-2 gutters-col-md-2 gutters-col-0 gutters-col-v-lg-2 gutters-col-v-md-2 gutters-col-v-2\">\n<div class=\"h-column h-column-container d-flex h-col-lg-auto h-col-md-auto h-col-auto style-346-outer style-local-8-c8-outer\">\n<div class=\"d-flex h-flex-basis h-column__inner h-px-lg-2 h-px-md-2 h-px-2 v-inner-lg-2 v-inner-md-2 v-inner-2 style-346 style-local-8-c8 position-relative\" data-colibri-id=\"8-c8\">\n<div class=\"w-100 h-y-container h-column__content h-column__v-align flex-basis-100 align-self-lg-center align-self-md-center align-self-center\">\n<div class=\"h-lead h-text h-text-component style-347 style-local-8-c9 position-relative h-element\" data-colibri-id=\"8-c9\">\n<div class=\"\">\n<p>Vous \u00eates impatients de d\u00e9couvrir les histoires au ukul\u00e9l\u00e9 du Professeur Chantage?<\/p>\n<p>Sur ce lien vous trouverez toutes nos <a href=\"https:\/\/mx3.ch\/professeurchantage\" target=\"_blank\" rel=\"noopener\">DATES\u00a0 des concerts<\/a> ou si c&#8217;est plus simple que l&#8217;on vienne chez vous&#8230; nous nous d\u00e9pla\u00e7ons directement chez vous pour un concert d&#8217;appartement,\u00a0 dans votre salon ou sous votre balcon pour 25\u2032 50 &#8216;minutes ou 1h15&#8217; de folies !!<\/p>\n<p>Inventez un moment festif ou convivial et contactez-nous !! On s\u2019occupe de tout ce qui concerne le chantage musical\u00a0 ! Notre arrangement sera sur mesure.<\/p>\n<p>Installation en 5 minutes, tr\u00e8s peu salissant et tr\u00e8s divertissant !\u00a0<\/p>\n<p>Formules solo sur 1m2, duo 4m2 ou trio 6m2. Concert \u00e9galement adaptable \u00e0 de petits espaces ou en plein air pour apporter de la vie dans nos musiques et de la musique dans vos vies et vice et versa.<\/p>\n<p>Pour les tarifs , nous appliquons deux tarifs : priv\u00e9 et le prix culturel<\/p>\n<p>=&gt; Le &#8220;prix V&#8221; est bas\u00e9 sur un prix au chapeau<\/p>\n<p>=&gt; Le &#8220;prix Q&#8221; c&#8217;est plus cher &#8230; mais r\u00e9serv\u00e9 aux sc\u00e8nes <strong>cu<\/strong>lturelles qui sauront appr\u00e9cier le Chantage<\/p>\n<p>Ecrivez-nous tout de suite ! Sinon vous aurez de l&#8217;ennui ensuite &#8230;<strong>contact@profchantage.ch<\/strong><\/p>\n<p>\u00a0<\/p>\n<\/div>\n<\/div>\n<\/div>\n<\/div>\n<\/div>\n<\/div>\n<\/div>\n<\/div>\n<\/div>\n<\/div>\n\n\n<figure class=\"wp-block-gallery has-nested-images columns-default is-cropped\">\n<figure class=\"wp-block-image size-large\"><img loading=\"lazy\" width=\"450\" height=\"637\" data-id=\"1287\"  src=\"https:\/\/profchantage.ch\/wp-content\/uploads\/2022\/10\/moultipass2022.jpeg\" alt=\"\" class=\"wp-image-1287\" srcset=\"https:\/\/profchantage.ch\/wp-content\/uploads\/2022\/10\/moultipass2022.jpeg 450w, https:\/\/profchantage.ch\/wp-content\/uploads\/2022\/10\/moultipass2022-212x300.jpeg 212w\" sizes=\"(max-width: 450px) 100vw, 450px\" \/><\/figure>\n<\/figure>\n\n\n\n<figure class=\"wp-block-image size-large\"><img loading=\"lazy\" width=\"1024\" height=\"1024\" src=\"http:\/\/1h9hxaplnr.preview.infomaniak.website\/wp-content\/uploads\/2021\/04\/HipstamaticPhoto-641298043.665196-1024x1024.jpg\" alt=\"\" class=\"wp-image-1156\" srcset=\"https:\/\/profchantage.ch\/wp-content\/uploads\/2021\/04\/HipstamaticPhoto-641298043.665196-1024x1024.jpg 1024w, https:\/\/profchantage.ch\/wp-content\/uploads\/2021\/04\/HipstamaticPhoto-641298043.665196-300x300.jpg 300w, https:\/\/profchantage.ch\/wp-content\/uploads\/2021\/04\/HipstamaticPhoto-641298043.665196-150x150.jpg 150w, https:\/\/profchantage.ch\/wp-content\/uploads\/2021\/04\/HipstamaticPhoto-641298043.665196-768x768.jpg 768w, https:\/\/profchantage.ch\/wp-content\/uploads\/2021\/04\/HipstamaticPhoto-641298043.665196-1536x1536.jpg 1536w, https:\/\/profchantage.ch\/wp-content\/uploads\/2021\/04\/HipstamaticPhoto-641298043.665196-2048x2048.jpg 2048w, https:\/\/profchantage.ch\/wp-content\/uploads\/2021\/04\/HipstamaticPhoto-641298043.665196-100x100.jpg 100w\" sizes=\"(max-width: 767px) 89vw, (max-width: 1000px) 54vw, (max-width: 1071px) 543px, 580px\" \/><\/figure>\n","protected":false},"excerpt":{"rendered":"<p>Vous \u00eates impatients de d\u00e9couvrir les histoires au ukul\u00e9l\u00e9 du Professeur Chantage? Sur ce lien vous trouverez toutes nos DATES\u00a0 des concerts ou si c&#8217;est plus simple que l&#8217;on vienne chez vous&#8230; nous nous d\u00e9pla\u00e7ons directement chez vous pour un concert d&#8217;appartement,\u00a0 dans votre salon ou sous votre balcon pour 25\u2032 50 &#8216;minutes ou 1h15&#8217; &hellip; <\/p>\n<p class=\"link-more\"><a href=\"https:\/\/profchantage.ch\/?page_id=8\" class=\"more-link\">Continuer la lecture<span class=\"screen-reader-text\"> de &laquo;&nbsp;Concerts&nbsp;&raquo;<\/span><\/a><\/p>\n","protected":false},"author":1,"featured_media":0,"parent":0,"menu_order":0,"comment_status":"closed","ping_status":"closed","template":"","meta":[],"yoast_head":"<!-- This site is optimized with the Yoast SEO plugin v16.1.1 - https:\/\/yoast.com\/wordpress\/plugins\/seo\/ -->\n<title>Concerts - Professeur Chantage<\/title>\n<link rel=\"canonical\" href=\"https:\/\/profchantage.ch\/?page_id=8\" \/>\n<meta property=\"og:locale\" content=\"fr_FR\" \/>\n<meta property=\"og:type\" content=\"article\" \/>\n<meta property=\"og:title\" content=\"Concerts - Professeur Chantage\" \/>\n<meta property=\"og:description\" content=\"Vous \u00eates impatients de d\u00e9couvrir les histoires au ukul\u00e9l\u00e9 du Professeur Chantage? Sur ce lien vous trouverez toutes nos DATES\u00a0 des concerts ou si c&#8217;est plus simple que l&#8217;on vienne chez vous&#8230; nous nous d\u00e9pla\u00e7ons directement chez vous pour un concert d&#8217;appartement,\u00a0 dans votre salon ou sous votre balcon pour 25\u2032 50 &#8216;minutes ou 1h15&#8217; &hellip; Continuer la lecture de &laquo;&nbsp;Concerts&nbsp;&raquo;\" \/>\n<meta property=\"og:url\" content=\"https:\/\/profchantage.ch\/?page_id=8\" \/>\n<meta property=\"og:site_name\" content=\"Professeur Chantage\" \/>\n<meta property=\"article:modified_time\" content=\"2023-08-06T10:28:41+00:00\" \/>\n<meta property=\"og:image\" content=\"https:\/\/profchantage.ch\/wp-content\/uploads\/2022\/10\/moultipass2022.jpeg\" \/>\n<meta name=\"twitter:card\" content=\"summary_large_image\" \/>\n<meta name=\"twitter:label1\" content=\"Dur\u00e9e de lecture est.\">\n\t<meta name=\"twitter:data1\" content=\"2 minutes\">\n<script type=\"application\/ld+json\" class=\"yoast-schema-graph\">{\"@context\":\"https:\/\/schema.org\",\"@graph\":[{\"@type\":\"WebSite\",\"@id\":\"https:\/\/profchantage.ch\/#website\",\"url\":\"https:\/\/profchantage.ch\/\",\"name\":\"Professeur Chantage\",\"description\":\"Chanson n\\u00e9o-corrosive enflammante -Ukul\\u00e9l\\u00e9s\",\"potentialAction\":[{\"@type\":\"SearchAction\",\"target\":\"https:\/\/profchantage.ch\/?s={search_term_string}\",\"query-input\":\"required name=search_term_string\"}],\"inLanguage\":\"fr-FR\"},{\"@type\":\"ImageObject\",\"@id\":\"https:\/\/profchantage.ch\/?page_id=8#primaryimage\",\"inLanguage\":\"fr-FR\",\"url\":\"https:\/\/profchantage.ch\/wp-content\/uploads\/2022\/10\/moultipass2022.jpeg\",\"contentUrl\":\"https:\/\/profchantage.ch\/wp-content\/uploads\/2022\/10\/moultipass2022.jpeg\",\"width\":450,\"height\":637},{\"@type\":\"WebPage\",\"@id\":\"https:\/\/profchantage.ch\/?page_id=8#webpage\",\"url\":\"https:\/\/profchantage.ch\/?page_id=8\",\"name\":\"Concerts - Professeur Chantage\",\"isPartOf\":{\"@id\":\"https:\/\/profchantage.ch\/#website\"},\"primaryImageOfPage\":{\"@id\":\"https:\/\/profchantage.ch\/?page_id=8#primaryimage\"},\"datePublished\":\"2020-05-05T12:13:26+00:00\",\"dateModified\":\"2023-08-06T10:28:41+00:00\",\"breadcrumb\":{\"@id\":\"https:\/\/profchantage.ch\/?page_id=8#breadcrumb\"},\"inLanguage\":\"fr-FR\",\"potentialAction\":[{\"@type\":\"ReadAction\",\"target\":[\"https:\/\/profchantage.ch\/?page_id=8\"]}]},{\"@type\":\"BreadcrumbList\",\"@id\":\"https:\/\/profchantage.ch\/?page_id=8#breadcrumb\",\"itemListElement\":[{\"@type\":\"ListItem\",\"position\":1,\"item\":{\"@type\":\"WebPage\",\"@id\":\"https:\/\/profchantage.ch\/\",\"url\":\"https:\/\/profchantage.ch\/\",\"name\":\"Accueil\"}},{\"@type\":\"ListItem\",\"position\":2,\"item\":{\"@type\":\"WebPage\",\"@id\":\"https:\/\/profchantage.ch\/?page_id=8\",\"url\":\"https:\/\/profchantage.ch\/?page_id=8\",\"name\":\"Concerts\"}}]}]}<\/script>\n<!-- \/ Yoast SEO plugin. -->","_links":{"self":[{"href":"https:\/\/profchantage.ch\/index.php?rest_route=\/wp\/v2\/pages\/8"}],"collection":[{"href":"https:\/\/profchantage.ch\/index.php?rest_route=\/wp\/v2\/pages"}],"about":[{"href":"https:\/\/profchantage.ch\/index.php?rest_route=\/wp\/v2\/types\/page"}],"author":[{"embeddable":true,"href":"https:\/\/profchantage.ch\/index.php?rest_route=\/wp\/v2\/users\/1"}],"replies":[{"embeddable":true,"href":"https:\/\/profchantage.ch\/index.php?rest_route=%2Fwp%2Fv2%2Fcomments&post=8"}],"version-history":[{"count":47,"href":"https:\/\/profchantage.ch\/index.php?rest_route=\/wp\/v2\/pages\/8\/revisions"}],"predecessor-version":[{"id":1363,"href":"https:\/\/profchantage.ch\/index.php?rest_route=\/wp\/v2\/pages\/8\/revisions\/1363"}],"wp:attachment":[{"href":"https:\/\/profchantage.ch\/index.php?rest_route=%2Fwp%2Fv2%2Fmedia&parent=8"}],"curies":[{"name":"wp","href":"https:\/\/api.w.org\/{rel}","templated":true}]}}