{"id":1230,"date":"2022-03-11T10:27:03","date_gmt":"2022-03-11T10:27:03","guid":{"rendered":"https:\/\/profchantage.ch\/?page_id=1230"},"modified":"2022-03-14T18:44:31","modified_gmt":"2022-03-14T18:44:31","slug":"les-frangins","status":"publish","type":"page","link":"https:\/\/profchantage.ch\/?page_id=1230","title":{"rendered":"Les frangins"},"content":{"rendered":"\n<p class=\"has-text-align-center\">Voici un chantage de circonstance \u00e9crit \u00e0 l&#8217;occasion de la sortie du livre : <\/p>\n\n\n\n<p class=\"has-text-align-center\"><a href=\"https:\/\/editionssurlehaut.com\/2022\/03\/12\/vernissage-du-livre-de-robert-nussbaum-sur-les-freres-tissot\/\" target=\"_blank\" rel=\"noreferrer noopener\">&#8220;Souvenirs de deux fr\u00e8res&#8221; de Robert Nussbaum aux <strong>Editions<\/strong> <strong>sur le haut<\/strong><\/a> et de l&#8217;exposition des tableaux de Lucien Tissot.<\/p>\n\n\n\n<figure class=\"wp-block-embed is-type-video is-provider-vimeo wp-block-embed-vimeo\"><div class=\"wp-block-embed__wrapper\">\n<iframe loading=\"lazy\" title=\"Les Frangins par ProfChantage avec Cosima.mp4\" src=\"https:\/\/player.vimeo.com\/video\/687638645?h=aa8ad9df6c&amp;dnt=1&amp;app_id=122963\" width=\"525\" height=\"328\" frameborder=\"0\" allow=\"autoplay; fullscreen; picture-in-picture\" allowfullscreen><\/iframe>\n<\/div><\/figure>\n\n\n\n<div class=\"wp-block-file\"><object class=\"wp-block-file__embed\" data=\"https:\/\/profchantage.ch\/wp-content\/uploads\/2022\/03\/Les-frangins-PAROLES-ProfChantage-1-1.pdf\" type=\"application\/pdf\" style=\"width:100%;height:600px\" aria-label=\"Contenu embarqu\u00e9 Les-frangins-PAROLES-ProfChantage-1-1.\"><\/object><a id=\"wp-block-file--media-e14dcce7-51e2-4a57-8a1f-d890fdc77db0\" href=\"https:\/\/profchantage.ch\/wp-content\/uploads\/2022\/03\/Les-frangins-PAROLES-ProfChantage-1-1.pdf\">Les-frangins-PAROLES-ProfChantage-1-1<\/a><a href=\"https:\/\/profchantage.ch\/wp-content\/uploads\/2022\/03\/Les-frangins-PAROLES-ProfChantage-1-1.pdf\" class=\"wp-block-file__button\" download aria-describedby=\"wp-block-file--media-e14dcce7-51e2-4a57-8a1f-d890fdc77db0\">T\u00e9l\u00e9charger<\/a><\/div>\n\n\n\n<figure class=\"wp-block-image size-large\"><img loading=\"lazy\" width=\"1024\" height=\"1024\" src=\"https:\/\/profchantage.ch\/wp-content\/uploads\/2022\/03\/OriginalPhoto-668861606.248209-1024x1024.jpg\" alt=\"\" class=\"wp-image-1239\" srcset=\"https:\/\/profchantage.ch\/wp-content\/uploads\/2022\/03\/OriginalPhoto-668861606.248209-1024x1024.jpg 1024w, https:\/\/profchantage.ch\/wp-content\/uploads\/2022\/03\/OriginalPhoto-668861606.248209-300x300.jpg 300w, https:\/\/profchantage.ch\/wp-content\/uploads\/2022\/03\/OriginalPhoto-668861606.248209-150x150.jpg 150w, https:\/\/profchantage.ch\/wp-content\/uploads\/2022\/03\/OriginalPhoto-668861606.248209-768x768.jpg 768w, https:\/\/profchantage.ch\/wp-content\/uploads\/2022\/03\/OriginalPhoto-668861606.248209-1536x1536.jpg 1536w, https:\/\/profchantage.ch\/wp-content\/uploads\/2022\/03\/OriginalPhoto-668861606.248209-2048x2048.jpg 2048w, https:\/\/profchantage.ch\/wp-content\/uploads\/2022\/03\/OriginalPhoto-668861606.248209-100x100.jpg 100w\" sizes=\"(max-width: 767px) 89vw, (max-width: 1000px) 54vw, (max-width: 1071px) 543px, 580px\" \/><\/figure>\n\n\n\n<p>Clin d&#8217;oeil du dimanche aux frangins&#8230;<\/p>\n","protected":false},"excerpt":{"rendered":"<p>Voici un chantage de circonstance \u00e9crit \u00e0 l&#8217;occasion de la sortie du livre : &#8220;Souvenirs de deux fr\u00e8res&#8221; de Robert Nussbaum aux Editions sur le haut et de l&#8217;exposition des tableaux de Lucien Tissot. Clin d&#8217;oeil du dimanche aux frangins&#8230;<\/p>\n","protected":false},"author":3,"featured_media":0,"parent":0,"menu_order":0,"comment_status":"closed","ping_status":"closed","template":"","meta":[],"yoast_head":"<!-- This site is optimized with the Yoast SEO plugin v16.1.1 - https:\/\/yoast.com\/wordpress\/plugins\/seo\/ -->\n<title>Les frangins - Professeur Chantage<\/title>\n<link rel=\"canonical\" href=\"https:\/\/profchantage.ch\/?page_id=1230\" \/>\n<meta property=\"og:locale\" content=\"fr_FR\" \/>\n<meta property=\"og:type\" content=\"article\" \/>\n<meta property=\"og:title\" content=\"Les frangins - Professeur Chantage\" \/>\n<meta property=\"og:description\" content=\"Voici un chantage de circonstance \u00e9crit \u00e0 l&#8217;occasion de la sortie du livre : &#8220;Souvenirs de deux fr\u00e8res&#8221; de Robert Nussbaum aux Editions sur le haut et de l&#8217;exposition des tableaux de Lucien Tissot. Clin d&#8217;oeil du dimanche aux frangins&#8230;\" \/>\n<meta property=\"og:url\" content=\"https:\/\/profchantage.ch\/?page_id=1230\" \/>\n<meta property=\"og:site_name\" content=\"Professeur Chantage\" \/>\n<meta property=\"article:modified_time\" content=\"2022-03-14T18:44:31+00:00\" \/>\n<meta property=\"og:image\" content=\"https:\/\/profchantage.ch\/wp-content\/uploads\/2022\/03\/OriginalPhoto-668861606.248209-1024x1024.jpg\" \/>\n<meta name=\"twitter:card\" content=\"summary_large_image\" \/>\n<meta name=\"twitter:label1\" content=\"Dur\u00e9e de lecture est.\">\n\t<meta name=\"twitter:data1\" content=\"1 minute\">\n<script type=\"application\/ld+json\" class=\"yoast-schema-graph\">{\"@context\":\"https:\/\/schema.org\",\"@graph\":[{\"@type\":\"WebSite\",\"@id\":\"https:\/\/profchantage.ch\/#website\",\"url\":\"https:\/\/profchantage.ch\/\",\"name\":\"Professeur Chantage\",\"description\":\"Chanson n\\u00e9o-corrosive enflammante -Ukul\\u00e9l\\u00e9s\",\"potentialAction\":[{\"@type\":\"SearchAction\",\"target\":\"https:\/\/profchantage.ch\/?s={search_term_string}\",\"query-input\":\"required name=search_term_string\"}],\"inLanguage\":\"fr-FR\"},{\"@type\":\"ImageObject\",\"@id\":\"https:\/\/profchantage.ch\/?page_id=1230#primaryimage\",\"inLanguage\":\"fr-FR\",\"url\":\"https:\/\/profchantage.ch\/wp-content\/uploads\/2022\/03\/OriginalPhoto-668861606.248209-1024x1024.jpg\",\"contentUrl\":\"https:\/\/profchantage.ch\/wp-content\/uploads\/2022\/03\/OriginalPhoto-668861606.248209-1024x1024.jpg\"},{\"@type\":\"WebPage\",\"@id\":\"https:\/\/profchantage.ch\/?page_id=1230#webpage\",\"url\":\"https:\/\/profchantage.ch\/?page_id=1230\",\"name\":\"Les frangins - Professeur Chantage\",\"isPartOf\":{\"@id\":\"https:\/\/profchantage.ch\/#website\"},\"primaryImageOfPage\":{\"@id\":\"https:\/\/profchantage.ch\/?page_id=1230#primaryimage\"},\"datePublished\":\"2022-03-11T10:27:03+00:00\",\"dateModified\":\"2022-03-14T18:44:31+00:00\",\"breadcrumb\":{\"@id\":\"https:\/\/profchantage.ch\/?page_id=1230#breadcrumb\"},\"inLanguage\":\"fr-FR\",\"potentialAction\":[{\"@type\":\"ReadAction\",\"target\":[\"https:\/\/profchantage.ch\/?page_id=1230\"]}]},{\"@type\":\"BreadcrumbList\",\"@id\":\"https:\/\/profchantage.ch\/?page_id=1230#breadcrumb\",\"itemListElement\":[{\"@type\":\"ListItem\",\"position\":1,\"item\":{\"@type\":\"WebPage\",\"@id\":\"https:\/\/profchantage.ch\/\",\"url\":\"https:\/\/profchantage.ch\/\",\"name\":\"Accueil\"}},{\"@type\":\"ListItem\",\"position\":2,\"item\":{\"@type\":\"WebPage\",\"@id\":\"https:\/\/profchantage.ch\/?page_id=1230\",\"url\":\"https:\/\/profchantage.ch\/?page_id=1230\",\"name\":\"Les frangins\"}}]}]}<\/script>\n<!-- \/ Yoast SEO plugin. -->","_links":{"self":[{"href":"https:\/\/profchantage.ch\/index.php?rest_route=\/wp\/v2\/pages\/1230"}],"collection":[{"href":"https:\/\/profchantage.ch\/index.php?rest_route=\/wp\/v2\/pages"}],"about":[{"href":"https:\/\/profchantage.ch\/index.php?rest_route=\/wp\/v2\/types\/page"}],"author":[{"embeddable":true,"href":"https:\/\/profchantage.ch\/index.php?rest_route=\/wp\/v2\/users\/3"}],"replies":[{"embeddable":true,"href":"https:\/\/profchantage.ch\/index.php?rest_route=%2Fwp%2Fv2%2Fcomments&post=1230"}],"version-history":[{"count":14,"href":"https:\/\/profchantage.ch\/index.php?rest_route=\/wp\/v2\/pages\/1230\/revisions"}],"predecessor-version":[{"id":1253,"href":"https:\/\/profchantage.ch\/index.php?rest_route=\/wp\/v2\/pages\/1230\/revisions\/1253"}],"wp:attachment":[{"href":"https:\/\/profchantage.ch\/index.php?rest_route=%2Fwp%2Fv2%2Fmedia&parent=1230"}],"curies":[{"name":"wp","href":"https:\/\/api.w.org\/{rel}","templated":true}]}}