{"id":1087,"date":"2021-02-05T21:47:00","date_gmt":"2021-02-05T21:47:00","guid":{"rendered":"http:\/\/1h9hxaplnr.preview.infomaniak.website\/?page_id=1087"},"modified":"2022-05-15T09:26:25","modified_gmt":"2022-05-15T09:26:25","slug":"le-concert-live-a-distance","status":"publish","type":"page","link":"https:\/\/profchantage.ch\/?page_id=1087","title":{"rendered":"Professeur Chantage ? Le concert tant attendu !!"},"content":{"rendered":"\n<h2>Le\u00e7on n\u00b00 : &#8220;Si vous ne nous <a href=\"https:\/\/profchantage.ch\/?page_id=1202\" target=\"_blank\" rel=\"noreferrer noopener\">contactez<\/a> pas tout de suite, vous aurez de l&#8217;ennui ensuite &#8230;&#8221;<\/h2>\n\n\n\n<figure class=\"wp-block-embed is-type-video is-provider-vimeo wp-block-embed-vimeo wp-embed-aspect-16-9 wp-has-aspect-ratio\"><div class=\"wp-block-embed__wrapper\">\n<iframe loading=\"lazy\" title=\"Bient&amp;ocirc;t chez vous?\" src=\"https:\/\/player.vimeo.com\/video\/666287979?h=06b9ab04fa&amp;dnt=1&amp;app_id=122963\" width=\"525\" height=\"295\" frameborder=\"0\" allow=\"autoplay; fullscreen; picture-in-picture\" allowfullscreen><\/iframe>\n<\/div><\/figure>\n\n\n\n<h3><strong>&#8220;Le concert en attendant&#8221;<\/strong> &#8230; Le\u00e7on n\u00b01 : \u00ab\u00a0Ne jamais perdre de vue sa bonne \u00e9toile!\u00a0\u00bb<\/h3>\n\n\n\n<figure class=\"wp-block-embed is-type-video is-provider-vimeo wp-block-embed-vimeo wp-embed-aspect-16-9 wp-has-aspect-ratio\"><div class=\"wp-block-embed__wrapper\">\n<iframe loading=\"lazy\" title=\"Etoile filante\" src=\"https:\/\/player.vimeo.com\/video\/494072548?h=7ad6db1728&amp;dnt=1&amp;app_id=122963\" width=\"525\" height=\"295\" frameborder=\"0\" allow=\"autoplay; fullscreen; picture-in-picture\" allowfullscreen><\/iframe>\n<\/div><figcaption><kbd><span class=\"has-inline-color has-black-color\">Etoile filante Professeur Chantage ukul\u00e9l\u00e9<\/span><\/kbd><\/figcaption><\/figure>\n\n\n\n<h2>Le\u00e7on n\u00b02 : Vous reprendrez bien une \u2026 ?<\/h2>\n\n\n\n<figure class=\"wp-block-embed is-type-video is-provider-vimeo wp-block-embed-vimeo wp-embed-aspect-16-9 wp-has-aspect-ratio\"><div class=\"wp-block-embed__wrapper\">\n<iframe loading=\"lazy\" title=\"Petite tablette\" src=\"https:\/\/player.vimeo.com\/video\/505109654?h=0892da630f&amp;dnt=1&amp;app_id=122963\" width=\"525\" height=\"295\" frameborder=\"0\" allow=\"autoplay; fullscreen; picture-in-picture\" allowfullscreen><\/iframe>\n<\/div><figcaption><mark style=\"background-color:rgba(0, 0, 0, 0)\" class=\"has-inline-color has-black-color\">Petite tablette Professeur Chantage ukul\u00e9l\u00e9 Andr\u00e9 Tissot<\/mark><\/figcaption><\/figure>\n\n\n\n<h2>Le\u00e7on n\u00b03 : La survie est-elle possible en confinement ? Chantez aussi longtemps que n\u00e9cessaire\u2026<\/h2>\n\n\n\n<figure class=\"wp-block-embed is-type-video is-provider-vimeo wp-block-embed-vimeo wp-embed-aspect-16-9 wp-has-aspect-ratio\"><div class=\"wp-block-embed__wrapper\">\n<iframe loading=\"lazy\" title=\"Confinement\" src=\"https:\/\/player.vimeo.com\/video\/500842084?h=1a3e674414&amp;dnt=1&amp;app_id=122963\" width=\"525\" height=\"295\" frameborder=\"0\" allow=\"autoplay; fullscreen; picture-in-picture\" allowfullscreen><\/iframe>\n<\/div><figcaption><span class=\"has-inline-color has-black-color\">Confinement Professeur Chantage ukul\u00e9l\u00e9 Andr\u00e9 Tissot<\/span><\/figcaption><\/figure>\n\n\n\n<h2>Le\u00e7on n\u00b04 : Que faire dans un monde de brutes ? Cultivez la fragilit\u00e9 \u00e0 toute \u00e9preuve !<\/h2>\n\n\n\n<figure class=\"wp-block-embed is-type-video is-provider-vimeo wp-block-embed-vimeo wp-embed-aspect-16-9 wp-has-aspect-ratio\"><div class=\"wp-block-embed__wrapper\">\n<iframe loading=\"lazy\" title=\"Fragilite\u0301\" src=\"https:\/\/player.vimeo.com\/video\/505106661?h=4ffe00eccb&amp;dnt=1&amp;app_id=122963\" width=\"525\" height=\"295\" frameborder=\"0\" allow=\"autoplay; fullscreen; picture-in-picture\" allowfullscreen><\/iframe>\n<\/div><figcaption><span class=\"has-inline-color has-black-color\">Fragilit\u00e9 Professeur Chantage ukul\u00e9l\u00e9 Andr\u00e9 Tissot<\/span><\/figcaption><\/figure>\n\n\n\n<h2>Le\u00e7on n\u00b05 : C\u2019est quand que le papa na\u00eet ?<\/h2>\n\n\n\n<figure class=\"wp-block-embed is-type-video is-provider-vimeo wp-block-embed-vimeo wp-embed-aspect-16-9 wp-has-aspect-ratio\"><div class=\"wp-block-embed__wrapper\">\n<iframe loading=\"lazy\" title=\"Papa nai\u0302t\" src=\"https:\/\/player.vimeo.com\/video\/505107713?h=7a2fa4dde7&amp;dnt=1&amp;app_id=122963\" width=\"525\" height=\"295\" frameborder=\"0\" allow=\"autoplay; fullscreen; picture-in-picture\" allowfullscreen><\/iframe>\n<\/div><figcaption><strong><span class=\"has-inline-color has-black-color\">Papa na\u00eet Professeur Chantage ukul\u00e9l\u00e9 Andr\u00e9 Tissot<\/span><\/strong><\/figcaption><\/figure>\n","protected":false},"excerpt":{"rendered":"<p>Le\u00e7on n\u00b00 : &#8220;Si vous ne nous contactez pas tout de suite, vous aurez de l&#8217;ennui ensuite &#8230;&#8221; &#8220;Le concert en attendant&#8221; &#8230; Le\u00e7on n\u00b01 : \u00ab\u00a0Ne jamais perdre de vue sa bonne \u00e9toile!\u00a0\u00bb Le\u00e7on n\u00b02 : Vous reprendrez bien une \u2026 ? Le\u00e7on n\u00b03 : La survie est-elle possible en confinement ? Chantez aussi &hellip; <\/p>\n<p class=\"link-more\"><a href=\"https:\/\/profchantage.ch\/?page_id=1087\" class=\"more-link\">Continuer la lecture<span class=\"screen-reader-text\"> de &laquo;&nbsp;Professeur Chantage ? Le concert tant attendu !!&nbsp;&raquo;<\/span><\/a><\/p>\n","protected":false},"author":3,"featured_media":0,"parent":0,"menu_order":0,"comment_status":"closed","ping_status":"closed","template":"","meta":[],"yoast_head":"<!-- This site is optimized with the Yoast SEO plugin v16.1.1 - https:\/\/yoast.com\/wordpress\/plugins\/seo\/ -->\n<title>Professeur Chantage ? Le concert tant attendu !! - Professeur Chantage<\/title>\n<link rel=\"canonical\" href=\"https:\/\/profchantage.ch\/?page_id=1087\" \/>\n<meta property=\"og:locale\" content=\"fr_FR\" \/>\n<meta property=\"og:type\" content=\"article\" \/>\n<meta property=\"og:title\" content=\"Professeur Chantage ? Le concert tant attendu !! - Professeur Chantage\" \/>\n<meta property=\"og:description\" content=\"Le\u00e7on n\u00b00 : &#8220;Si vous ne nous contactez pas tout de suite, vous aurez de l&#8217;ennui ensuite &#8230;&#8221; &#8220;Le concert en attendant&#8221; &#8230; Le\u00e7on n\u00b01 : \u00ab\u00a0Ne jamais perdre de vue sa bonne \u00e9toile!\u00a0\u00bb Le\u00e7on n\u00b02 : Vous reprendrez bien une \u2026 ? Le\u00e7on n\u00b03 : La survie est-elle possible en confinement ? Chantez aussi &hellip; Continuer la lecture de &laquo;&nbsp;Professeur Chantage ? Le concert tant attendu !!&nbsp;&raquo;\" \/>\n<meta property=\"og:url\" content=\"https:\/\/profchantage.ch\/?page_id=1087\" \/>\n<meta property=\"og:site_name\" content=\"Professeur Chantage\" \/>\n<meta property=\"article:modified_time\" content=\"2022-05-15T09:26:25+00:00\" \/>\n<meta name=\"twitter:card\" content=\"summary_large_image\" \/>\n<meta name=\"twitter:label1\" content=\"Dur\u00e9e de lecture est.\">\n\t<meta name=\"twitter:data1\" content=\"1 minute\">\n<script type=\"application\/ld+json\" class=\"yoast-schema-graph\">{\"@context\":\"https:\/\/schema.org\",\"@graph\":[{\"@type\":\"WebSite\",\"@id\":\"https:\/\/profchantage.ch\/#website\",\"url\":\"https:\/\/profchantage.ch\/\",\"name\":\"Professeur Chantage\",\"description\":\"Chanson n\\u00e9o-corrosive enflammante -Ukul\\u00e9l\\u00e9s\",\"potentialAction\":[{\"@type\":\"SearchAction\",\"target\":\"https:\/\/profchantage.ch\/?s={search_term_string}\",\"query-input\":\"required name=search_term_string\"}],\"inLanguage\":\"fr-FR\"},{\"@type\":\"WebPage\",\"@id\":\"https:\/\/profchantage.ch\/?page_id=1087#webpage\",\"url\":\"https:\/\/profchantage.ch\/?page_id=1087\",\"name\":\"Professeur Chantage ? Le concert tant attendu !! - Professeur Chantage\",\"isPartOf\":{\"@id\":\"https:\/\/profchantage.ch\/#website\"},\"datePublished\":\"2021-02-05T21:47:00+00:00\",\"dateModified\":\"2022-05-15T09:26:25+00:00\",\"breadcrumb\":{\"@id\":\"https:\/\/profchantage.ch\/?page_id=1087#breadcrumb\"},\"inLanguage\":\"fr-FR\",\"potentialAction\":[{\"@type\":\"ReadAction\",\"target\":[\"https:\/\/profchantage.ch\/?page_id=1087\"]}]},{\"@type\":\"BreadcrumbList\",\"@id\":\"https:\/\/profchantage.ch\/?page_id=1087#breadcrumb\",\"itemListElement\":[{\"@type\":\"ListItem\",\"position\":1,\"item\":{\"@type\":\"WebPage\",\"@id\":\"https:\/\/profchantage.ch\/\",\"url\":\"https:\/\/profchantage.ch\/\",\"name\":\"Accueil\"}},{\"@type\":\"ListItem\",\"position\":2,\"item\":{\"@type\":\"WebPage\",\"@id\":\"https:\/\/profchantage.ch\/?page_id=1087\",\"url\":\"https:\/\/profchantage.ch\/?page_id=1087\",\"name\":\"Professeur Chantage ? Le concert tant attendu !!\"}}]}]}<\/script>\n<!-- \/ Yoast SEO plugin. -->","_links":{"self":[{"href":"https:\/\/profchantage.ch\/index.php?rest_route=\/wp\/v2\/pages\/1087"}],"collection":[{"href":"https:\/\/profchantage.ch\/index.php?rest_route=\/wp\/v2\/pages"}],"about":[{"href":"https:\/\/profchantage.ch\/index.php?rest_route=\/wp\/v2\/types\/page"}],"author":[{"embeddable":true,"href":"https:\/\/profchantage.ch\/index.php?rest_route=\/wp\/v2\/users\/3"}],"replies":[{"embeddable":true,"href":"https:\/\/profchantage.ch\/index.php?rest_route=%2Fwp%2Fv2%2Fcomments&post=1087"}],"version-history":[{"count":19,"href":"https:\/\/profchantage.ch\/index.php?rest_route=\/wp\/v2\/pages\/1087\/revisions"}],"predecessor-version":[{"id":1269,"href":"https:\/\/profchantage.ch\/index.php?rest_route=\/wp\/v2\/pages\/1087\/revisions\/1269"}],"wp:attachment":[{"href":"https:\/\/profchantage.ch\/index.php?rest_route=%2Fwp%2Fv2%2Fmedia&parent=1087"}],"curies":[{"name":"wp","href":"https:\/\/api.w.org\/{rel}","templated":true}]}}